{"id":7,"date":"2023-01-14T22:54:38","date_gmt":"2023-01-14T21:54:38","guid":{"rendered":"https:\/\/test.ladn-paysagiste.fr\/index.php\/mesmerize\/"},"modified":"2025-01-11T16:52:16","modified_gmt":"2025-01-11T15:52:16","slug":"mesmerize","status":"publish","type":"page","link":"https:\/\/test.ladn-paysagiste.fr\/","title":{"rendered":"Front Page"},"content":{"rendered":"<div  id=\"menu\" style=\"background-color: #ffffff;\" data-label=\"Menu\" data-id=\"features-ov-4-mc\" data-export-id=\"features-ov-4-mc\" data-category=\"features\" class=\"features-ov-4-mc content-section content-section-spacing\"><div  class=\"gridContainer\"> <div  data-type=\"row\" class=\"row spaced-cols text-center\"><div  class=\"col-xs-12 col-sm-4 col-padding\"> <i  class=\"fa icon shadow-large-black aligncenter color1 fa-users reverse round large\"><\/i> <div  data-type=\"column\" class=\"\"> <h5  class=\"font-400\">LADN \u2013 L\u2019entreprise<\/h5> <p  class=\"\">L\u2019entreprise Les Artisans de la Nature a \u00e9t\u00e9 cr\u00e9\u00e9 en 1982.<\/p><\/div> <\/div> <div  class=\"col-xs-12 col-sm-4 col-padding\"> <i  class=\"fa icon shadow-large-black aligncenter color2 fa-envira reverse round large\"><\/i> <div  data-type=\"column\" class=\"\"><h5  class=\"font-400\">Nos r\u00e9alisations<\/h5> <p  class=\"\">Quelques vues sur nos r\u00e9alisations et les diff\u00e9rents concepts que nous maitrisons. Nous vous proposons ici des exemples pour vous inspirer et cr\u00e9er votre jardin<\/p><\/div> <\/div> <div  class=\"col-xs-12 col-sm-4 col-padding\"> <i  class=\"fa icon shadow-large-black aligncenter color4 fa-whatsapp reverse round large\"><\/i> <div  data-type=\"column\" class=\"\"><h5  class=\"font-400\">Nous contacter<\/h5> <p  class=\"\">Toutes les plances et cat\u00e9gorie de v\u00e9g\u00e9taux que nous employons au quotidien. Notre \u00e9quipe est \u00e0 votre \u00e9coute pour vous conseiller et adapter les choix en fonction de vos projets<\/p><\/div> <\/div><\/div> <\/div><\/div><div  id=\"ladn\" style=\"background-color: #f5fafd;\" data-label=\"Ladn\" data-id=\"content-7-mc\" data-export-id=\"content-7-mc\" data-category=\"content\" class=\"content-7-mc content-section content-section-spacing\"><div  class=\"gridContainer\"> <div  class=\"row middle-sm\"><div  class=\"col-sm-6 space-bottom-xs\" data-type=\"column\"> <h2  class=\"\">LADN<\/h2> <p  class=\"\">Toute l\u2019\u00e9quipe LADN vous souhaites une tr\u00e8s belle ann\u00e9e 2025<\/p> <a  class=\"button color1\" href=\"#\" target=\"_self\" data-cp-link=\"1\">En savoir plus \u2013 Bient\u00f4t<\/a><\/div> <div  class=\"col-sm-6\" data-type=\"column\"> <img  decoding=\"async\" class=\"shadow-large\" src=\"https:\/\/test.ladn-paysagiste.fr\/wp-content\/uploads\/2023\/01\/cropped-piscine.jpg\" title=\"cropped-piscine.jpg\" alt=\"\"><\/div> <\/div><\/div> <\/div><div  id=\"realisations\" style=\"background-color: #ffffff;\" data-label=\"Realisations\" data-id=\"features-16-card-bordered-mc\" data-export-id=\"features-16-card-bordered-mc\" data-bullets-visibility=\"true\" data-category=\"features\" class=\"features-16-card-bordered-mc content-section content-section-spacing\"><div  class=\"gridContainer\"> <div  class=\"row text-center\"><div  class=\"section-title-col\" data-type=\"column\"> <h5  class=\"\">Les th\u00e9matiques \u2013 Nos r\u00e9alisations<\/h5> <h2  class=\"\">Retrouver ici des examples de nos r\u00e9alisations<\/h2> <p  class=\"lead\">LADN effectue la conception et r\u00e9alisation de vos espaces et jardins<\/p><\/div> <\/div> <div  class=\"row spaced-cols\" data-type=\"row\"> <div  class=\"col-xs-12 col-sm-6 col-md-4\"> <div  class=\"card no-padding bordered y-move\"> <img  decoding=\"async\" class=\"face\" src=\"https:\/\/test.ladn-paysagiste.fr\/wp-content\/uploads\/2023\/01\/cropped-jardin-de-ville-scaled-1.jpg\" title=\"jardin-de-ville\" alt=\"\"> <div  data-type=\"column\" class=\"col-padding-small col-padding-small-xs description-container\"> <h4  class=\"font-500\">Jardin de ville<\/h4><p  class=\"\">On retrouve ici quelques informations sur les r\u00e9alisations en ville.\n<br ><br >Plusieurs types de jardins<\/p> <\/div> <div  data-type=\"column\" class=\"col-padding-small col-padding-small-xs read-more-container\"><\/div> <\/div><\/div> <div  class=\"col-xs-12 col-sm-6 col-md-4\"><div  class=\"card no-padding bordered y-move\"> <img  decoding=\"async\" class=\"face\" src=\"https:\/\/test.ladn-paysagiste.fr\/wp-content\/uploads\/2023\/01\/cropped-bois-scaled-1.jpg\" title=\"bois\" alt=\"\"> <div  data-type=\"column\" class=\"col-padding-small col-padding-small-xs description-container\"> <h4  class=\"font-500\">Am\u00e9nagement bois<\/h4><p  class=\"\">\n<br >Nous prenons en charges la conception et la r\u00e9alisation de vos bordures d\u2019all\u00e9es \n\n<\/p> <\/div> <div  data-type=\"column\" class=\"col-padding-small col-padding-small-xs read-more-container\"><\/div> <\/div><\/div> <div  class=\"col-xs-12 col-sm-6 col-md-4\"><div  class=\"card no-padding bordered y-move\"> <img  decoding=\"async\" class=\"face\" src=\"https:\/\/test.ladn-paysagiste.fr\/wp-content\/uploads\/2023\/01\/cropped-chateau.jpg\" title=\"cropped-chateau.jpg\" alt=\"\"> <div  data-type=\"column\" class=\"col-padding-small col-padding-small-xs description-container\"> <h4  class=\"font-500\">Parc de chateau<\/h4><p  class=\"\">Sp\u00e9cialiste de la conception et de l\u2019entretien des parcs de chateau, nous r\u00e9alisons \u00e9galement les entourages des batiments\n\n<\/p> <\/div> <div  data-type=\"column\" class=\"col-padding-small col-padding-small-xs read-more-container\"><\/div> <\/div><\/div> <\/div><\/div> <\/div><div  data-label=\"Realisations2\" data-id=\"features--1\" data-export-id=\"features-16\" data-category=\"features\" class=\"features-16 content-section content-section-spacing\" id=\"realisations2\" style=\"background-color: rgb(255, 255, 255);\"><div  class=\"gridContainer\"> <div  class=\"row text-center\"><div  class=\"section-title-col\" data-type=\"column\">  <\/div> <\/div> <div  class=\"row spaced-cols\" data-type=\"row\"> <div  class=\"col-xs-12 col-sm-6 col-md-4 space-bottom\"> <img  decoding=\"async\" class=\"face\" src=\"https:\/\/test.ladn-paysagiste.fr\/wp-content\/uploads\/2023\/01\/cropped-bassin-scaled-1.jpg\" title=\"bassin\" alt=\"\"> <div  data-type=\"column\" class=\"col-padding-small col-padding-small-xs description-container\"> <h4  class=\"font-500\">Bassin &amp; plan d\u2019eau<\/h4> <p  class=\"\">Cr\u00e9ation et adaptation de votre plan d\u2019eau naturel avec terrasse et bordures. Nous impl\u00e9mentons les plantes aquatiques pour agr\u00e9menter votre bassin<\/p> <\/div> <\/div> <div  class=\"col-xs-12 col-sm-6 col-md-4 space-bottom\"> <img  decoding=\"async\" class=\"face\" src=\"https:\/\/test.ladn-paysagiste.fr\/wp-content\/uploads\/2023\/01\/cropped-Retenue-scaled-1.jpg\" title=\"Retenue\" alt=\"\"> <div  data-type=\"column\" class=\"col-padding-small col-padding-small-xs description-container\"> <h4  class=\"font-500\">\nRetenue de sable<\/h4> <p  class=\"\">Nous r\u00e9alisons divers retenue de sable afin d\u2019adapter le design de votre jardin aux contraintes dues aux pentes.<\/p> <\/div> <\/div> <div  class=\"col-xs-12 col-sm-6 col-md-4 space-bottom\"> <img  decoding=\"async\" class=\"face\" src=\"https:\/\/test.ladn-paysagiste.fr\/wp-content\/uploads\/2023\/01\/cropped-piscine.jpg\" title=\"cropped-piscine.jpg\" alt=\"\"> <div  data-type=\"column\" class=\"col-padding-small col-padding-small-xs description-container\"> <h4  class=\"font-500\">Abords de piscine<\/h4> <p  class=\"\">Nous nous chargeons d\u2019agr\u00e9menter les abords de votre piscine<\/p> <\/div> <\/div><\/div> <\/div><\/div><div  id=\"content-2\" style=\"background-color: #ffffff;\" data-label=\"Content\" data-id=\"content-8-mc\" data-export-id=\"content-8-mc\" data-category=\"content\" class=\"content-8-mc content-section content-section-spacing\"><div  class=\"gridContainer\"> <div  class=\"row middle-sm\"><div  class=\"col-sm-6 space-bottom-xs space-top-xs\" data-type=\"column\"> <img  decoding=\"async\" class=\"shadow-large\" src=\"https:\/\/test.ladn-paysagiste.fr\/wp-content\/uploads\/2024\/12\/cropped-Evol-2-scaled-1.jpg\" title=\"Evol-2\" alt=\"\"><\/div> <div  class=\"col-sm-6\" data-type=\"column\"><h2  class=\"\">Design<\/h2> <p  class=\"\">La conduite des cultures permet de sculter progressivement vos parcs et jardin<\/p> <a  class=\"button color1\" href=\"#\" target=\"_self\" data-cp-link=\"1\">Plus d\u2019information bient\u00f4t<\/a><\/div> <\/div><\/div> <\/div><div  data-label=\"Content\" data-id=\"content--1\" data-export-id=\"content-3\" data-category=\"content\" class=\"content-3 content-section content-section-spacing\" id=\"content-3\" style=\"background-color: rgb(245, 250, 253);\"><div > <div  class=\"row middle-xs\"><div  class=\"col-sm-7 full-col-left-padding full-col-right-padding\"> <div  class=\"row\"><div  data-type=\"column\" class=\"space-bottom-small content-title-col\">  <h2  class=\"\">Livr\u00e9 et install\u00e9<\/h2> <p  class=\"\">Soucieux de r\u00e9aliser vos travaux dans les d\u00e9lais et avec le minimum de d\u00e9sagr\u00e9ments, nous r\u00e9actualisons r\u00e9guli\u00e8rement nos \u00e9quipements et nous prot\u00e9geons le chantier<\/p><\/div> <\/div> <div  class=\"row spaced-cols\" data-type=\"row\"> <div  class=\"col-xs-6\" data-type=\"column\">  <\/div>    <\/div><\/div> <div  class=\"col-sm-5 bg-image shadow-large-black revert-classes-holder\" data-bg=\"image\" style=\"background-image: url(&quot;https:\/\/test.ladn-paysagiste.fr\/wp-content\/uploads\/2024\/12\/cropped-Plantation-scaled-1.jpg&quot;);\"><\/div><\/div> <\/div><\/div><div  id=\"team-1\" style=\"background-color: #ffffff;\" data-label=\"Team\" data-id=\"team-5-mc\" data-export-id=\"team-5-mc\" data-bullets-visibility=\"true\" data-category=\"team\" class=\"team-5-mc content-section content-section-spacing\"><div  class=\"gridContainer\"> <div  class=\"row text-center\"><div  class=\"section-title-col\" data-type=\"column\"> <h5  class=\"\">TEAM LADN<\/h5> <h2  class=\"\">Notre \u00e9quipe<\/h2> <p  class=\"lead\">Toute l\u2019\u00e9quipe LADN vous souhaite de passer d\u2019excellentes f\u00eates de fin d\u2019ann\u00e9e<\/p><\/div> <\/div> <div  class=\"row spaced-cols content-center-sm\" data-type=\"row\"> <div  class=\"col-xs-12 col-sm-6 col-md-3 col-padding\"> <div  class=\"row \"> <div  data-type=\"column\" class=\"col-xs-12 col-sm-12\"> <img  decoding=\"async\" class=\"round face\" src=\"https:\/\/test.ladn-paysagiste.fr\/wp-content\/uploads\/2024\/12\/cropped-Lucilia.jpg\" title=\"cropped-Lucilia.jpg\" alt=\"\"> <h4  class=\"font-500\">Lucilia<\/h4> <p  class=\"italic\">Responsable commerciale<\/p> <p  class=\"\">Point d\u2019entr\u00e9e pour r\u00e9pondre \u00e0 toutes vos questions<\/p> <div  class=\"social-icons-group\" data-type=\"group\"> <a  href=\"#\" target=\"_self\" data-reiki-hidden=\"true\"><i  class=\"gray fa icon fa-facebook-square\"><\/i><\/a> <a  href=\"#\" target=\"_self\" data-reiki-hidden=\"true\"><i  class=\"gray fa icon fa-twitter-square\"><\/i><\/a> <a  href=\"#\" target=\"_self\" data-reiki-hidden=\"true\"><i  class=\"gray fa icon fa-linkedin-square\"><\/i><\/a> <a  href=\"#\" target=\"_self\" data-reiki-hidden=\"true\"><i  class=\"gray fa icon fa-google-plus-square\"><\/i><\/a><\/div> <\/div><\/div> <\/div> <div  class=\"col-xs-12 col-sm-6 col-md-3 col-padding\"> <div  class=\"row \"> <div  data-type=\"column\" class=\"col-xs-12 col-sm-12\"> <img  decoding=\"async\" class=\"round face\" src=\"https:\/\/test.ladn-paysagiste.fr\/wp-content\/uploads\/2024\/12\/cropped-Nicolas.jpg\" title=\"cropped-Nicolas.jpg\" alt=\"\"> <h4  class=\"font-500\">Nicolas<\/h4> <p  class=\"italic\">Designer<\/p> <p  class=\"\">Nicolas r\u00e9alise la cr\u00e9ation de vos projets<\/p> <div  class=\"social-icons-group\" data-type=\"group\"> <a  href=\"#\" target=\"_self\" data-reiki-hidden=\"true\"><i  class=\"gray fa icon fa-facebook-square\"><\/i><\/a> <a  href=\"#\" target=\"_self\" data-reiki-hidden=\"true\"><i  class=\"gray fa icon fa-twitter-square\"><\/i><\/a> <a  href=\"#\" target=\"_self\" data-reiki-hidden=\"true\"><i  class=\"gray fa icon fa-linkedin-square\"><\/i><\/a> <a  href=\"#\" target=\"_self\" data-reiki-hidden=\"true\"><i  class=\"gray fa icon fa-google-plus-square\"><\/i><\/a><\/div> <\/div><\/div> <\/div> <div  class=\"col-xs-12 col-sm-6 col-md-3 col-padding\"> <div  class=\"row \"> <div  data-type=\"column\" class=\"col-xs-12 col-sm-12\"> <img  decoding=\"async\" class=\"round face\" src=\"https:\/\/test.ladn-paysagiste.fr\/wp-content\/uploads\/2024\/12\/cropped-Frederic.jpg\" title=\"cropped-Frederic.jpg\" alt=\"\"> <h4  class=\"font-500\">Fr\u00e9d\u00e9ric<\/h4> <p  class=\"italic\">Responsable entretien<\/p> <p  class=\"\">Fr\u00e9d\u00e9ric r\u00e9alise la conduite et l\u2019entretien de tous vos espaces vert<\/p> <div  class=\"social-icons-group\" data-type=\"group\"> <a  href=\"#\" target=\"_self\" data-reiki-hidden=\"true\"><i  class=\"gray fa icon fa-facebook-square\"><\/i><\/a> <a  href=\"#\" target=\"_self\" data-reiki-hidden=\"true\"><i  class=\"gray fa icon fa-twitter-square\"><\/i><\/a> <a  href=\"#\" target=\"_self\" data-reiki-hidden=\"true\"><i  class=\"gray fa icon fa-linkedin-square\"><\/i><\/a> <a  href=\"#\" target=\"_self\" data-reiki-hidden=\"true\"><i  class=\"gray fa icon fa-google-plus-square\"><\/i><\/a><\/div> <\/div><\/div> <\/div> <div  class=\"col-xs-12 col-sm-6 col-md-3 col-padding\"> <div  class=\"row \"> <div  data-type=\"column\" class=\"col-xs-12 col-sm-12\"> <img  decoding=\"async\" class=\"round face\" src=\"https:\/\/test.ladn-paysagiste.fr\/wp-content\/uploads\/2024\/12\/cropped-Marc-ange.jpg\" title=\"cropped-Marc-ange.jpg\" alt=\"\"> <h4  class=\"font-500\">Marc-Ange<\/h4> <p  class=\"italic\">Pdg<\/p> <p  class=\"\">Cr\u00e9ateur de l\u2019entreprise<\/p> <div  class=\"social-icons-group\" data-type=\"group\"> <a  href=\"#\" target=\"_self\" data-reiki-hidden=\"true\"><i  class=\"gray fa icon fa-facebook-square\"><\/i><\/a> <a  href=\"#\" target=\"_self\" data-reiki-hidden=\"true\"><i  class=\"gray fa icon fa-twitter-square\"><\/i><\/a> <a  href=\"#\" target=\"_self\" data-reiki-hidden=\"true\"><i  class=\"gray fa icon fa-linkedin-square\"><\/i><\/a> <a  href=\"#\" target=\"_self\" data-reiki-hidden=\"true\"><i  class=\"gray fa icon fa-google-plus-square\"><\/i><\/a><\/div> <\/div><\/div> <\/div><\/div> <\/div><\/div>","protected":false},"excerpt":{"rendered":"<p>LADN \u2013 L\u2019entreprise L\u2019entreprise Les Artisans de la Nature a \u00e9t\u00e9 cr\u00e9\u00e9 en 1982. Nos r\u00e9alisations Quelques vues sur nos r\u00e9alisations et les diff\u00e9rents concepts que nous maitrisons. Nous vous proposons ici des exemples pour vous inspirer et cr\u00e9er votre jardin Nous contacter Toutes les plances et cat\u00e9gorie de v\u00e9g\u00e9taux que nous employons au quotidien.&hellip; <br \/> <a class=\"read-more\" href=\"https:\/\/test.ladn-paysagiste.fr\/\">Lire la suite<\/a><\/p>\n","protected":false},"author":1,"featured_media":0,"parent":0,"menu_order":0,"comment_status":"closed","ping_status":"closed","template":"page-templates\/homepage.php","meta":{"footnotes":""},"class_list":["post-7","page","type-page","status-publish","hentry"],"_links":{"self":[{"href":"https:\/\/test.ladn-paysagiste.fr\/index.php\/wp-json\/wp\/v2\/pages\/7","targetHints":{"allow":["GET"]}}],"collection":[{"href":"https:\/\/test.ladn-paysagiste.fr\/index.php\/wp-json\/wp\/v2\/pages"}],"about":[{"href":"https:\/\/test.ladn-paysagiste.fr\/index.php\/wp-json\/wp\/v2\/types\/page"}],"author":[{"embeddable":true,"href":"https:\/\/test.ladn-paysagiste.fr\/index.php\/wp-json\/wp\/v2\/users\/1"}],"replies":[{"embeddable":true,"href":"https:\/\/test.ladn-paysagiste.fr\/index.php\/wp-json\/wp\/v2\/comments?post=7"}],"version-history":[{"count":17,"href":"https:\/\/test.ladn-paysagiste.fr\/index.php\/wp-json\/wp\/v2\/pages\/7\/revisions"}],"predecessor-version":[{"id":80,"href":"https:\/\/test.ladn-paysagiste.fr\/index.php\/wp-json\/wp\/v2\/pages\/7\/revisions\/80"}],"wp:attachment":[{"href":"https:\/\/test.ladn-paysagiste.fr\/index.php\/wp-json\/wp\/v2\/media?parent=7"}],"curies":[{"name":"wp","href":"https:\/\/api.w.org\/{rel}","templated":true}]}}